{"id":18,"date":"2023-07-06T00:25:15","date_gmt":"2023-07-05T22:25:15","guid":{"rendered":"http:\/\/www.ckfunchal.pt\/?page_id=18"},"modified":"2023-07-17T15:54:40","modified_gmt":"2023-07-17T13:54:40","slug":"dojo-funchal","status":"publish","type":"page","link":"https:\/\/www.ckfunchal.pt\/index.php\/dojo-funchal\/","title":{"rendered":"Dojo Universidade S\u00e9nior"},"content":{"rendered":"\n<div class=\"wp-block-cover alignfull has-parallax has-huge-font-size\" style=\"padding-top:0;padding-right:0;padding-bottom:0;padding-left:0\"><span aria-hidden=\"true\" class=\"wp-block-cover__background has-background-dim\"><\/span><div role=\"img\" class=\"wp-block-cover__image-background wp-image-141 has-parallax\" style=\"background-position:50% 50%;background-image:url(http:\/\/www.ckfunchal.pt\/wp-content\/uploads\/2023\/07\/FundoWeb6_CKDF.png)\"><\/div><div class=\"wp-block-cover__inner-container is-layout-flow wp-block-cover-is-layout-flow\">\n<p class=\"has-text-align-center has-large-font-size\"><\/p>\n<\/div><\/div>\n\n\n\n<h2 class=\"wp-block-heading\">Local de Treino<\/h2>\n\n\n\n<p class=\"has-normal-font-size\"><strong>\u00a0Universidade S\u00e9nior do Funchal<\/strong><br><img loading=\"lazy\" decoding=\"async\" width=\"50\" height=\"38\" class=\"wp-image-183\" style=\"width: 50px;\" src=\"http:\/\/www.ckfunchal.pt\/wp-content\/uploads\/2023\/07\/1_0hKEIEseJRhAnjgujdyVkA.png\" alt=\"\" srcset=\"https:\/\/www.ckfunchal.pt\/wp-content\/uploads\/2023\/07\/1_0hKEIEseJRhAnjgujdyVkA.png 800w, https:\/\/www.ckfunchal.pt\/wp-content\/uploads\/2023\/07\/1_0hKEIEseJRhAnjgujdyVkA-300x225.png 300w, https:\/\/www.ckfunchal.pt\/wp-content\/uploads\/2023\/07\/1_0hKEIEseJRhAnjgujdyVkA-768x576.png 768w\" sizes=\"auto, (max-width: 50px) 100vw, 50px\" \/><a href=\"https:\/\/goo.gl\/maps\/n7rv3Ehm1k1wgzBC7\">Azinhaga da Nazar\u00e9, 9000-645 Funchal<\/a><\/p>\n\n\n\n<p><\/p>\n\n\n\n<h2 class=\"wp-block-heading\">Hor\u00e1rios<\/h2>\n\n\n\n<p>A publicar brevemente<\/p>\n\n\n\n<p><\/p>\n\n\n\n<h2 class=\"wp-block-heading\">Contactos<\/h2>\n\n\n\n<p><strong>Santiago Perdomo<\/strong>\u00a0<img loading=\"lazy\" decoding=\"async\" width=\"20\" height=\"20\" class=\"wp-image-158\" style=\"width: 20px;\" src=\"http:\/\/www.ckfunchal.pt\/wp-content\/uploads\/2023\/07\/icone-du-logo-whatsapp-noir.png\" alt=\"\" srcset=\"https:\/\/www.ckfunchal.pt\/wp-content\/uploads\/2023\/07\/icone-du-logo-whatsapp-noir.png 512w, https:\/\/www.ckfunchal.pt\/wp-content\/uploads\/2023\/07\/icone-du-logo-whatsapp-noir-300x300.png 300w, https:\/\/www.ckfunchal.pt\/wp-content\/uploads\/2023\/07\/icone-du-logo-whatsapp-noir-150x150.png 150w\" sizes=\"auto, (max-width: 20px) 100vw, 20px\" \/> (+351) <strong>96 35 81 409<\/strong><\/p>\n","protected":false},"excerpt":{"rendered":"<p>Local de Treino \u00a0Universidade S\u00e9nior do FunchalAzinhaga da Nazar\u00e9, 9000-645 Funchal Hor\u00e1rios A publicar brevemente Contactos Santiago Perdomo\u00a0 (+351) 96 35 81 409<\/p>\n","protected":false},"author":1,"featured_media":0,"parent":0,"menu_order":0,"comment_status":"closed","ping_status":"closed","template":"","meta":{"footnotes":""},"class_list":["post-18","page","type-page","status-publish","hentry","entry"],"_links":{"self":[{"href":"https:\/\/www.ckfunchal.pt\/index.php\/wp-json\/wp\/v2\/pages\/18","targetHints":{"allow":["GET"]}}],"collection":[{"href":"https:\/\/www.ckfunchal.pt\/index.php\/wp-json\/wp\/v2\/pages"}],"about":[{"href":"https:\/\/www.ckfunchal.pt\/index.php\/wp-json\/wp\/v2\/types\/page"}],"author":[{"embeddable":true,"href":"https:\/\/www.ckfunchal.pt\/index.php\/wp-json\/wp\/v2\/users\/1"}],"replies":[{"embeddable":true,"href":"https:\/\/www.ckfunchal.pt\/index.php\/wp-json\/wp\/v2\/comments?post=18"}],"version-history":[{"count":16,"href":"https:\/\/www.ckfunchal.pt\/index.php\/wp-json\/wp\/v2\/pages\/18\/revisions"}],"predecessor-version":[{"id":207,"href":"https:\/\/www.ckfunchal.pt\/index.php\/wp-json\/wp\/v2\/pages\/18\/revisions\/207"}],"wp:attachment":[{"href":"https:\/\/www.ckfunchal.pt\/index.php\/wp-json\/wp\/v2\/media?parent=18"}],"curies":[{"name":"wp","href":"https:\/\/api.w.org\/{rel}","templated":true}]}}