{"id":16,"date":"2023-07-06T00:21:47","date_gmt":"2023-07-05T22:21:47","guid":{"rendered":"http:\/\/www.ckfunchal.pt\/?page_id=16"},"modified":"2023-09-05T14:53:59","modified_gmt":"2023-09-05T12:53:59","slug":"dojo-nazare","status":"publish","type":"page","link":"https:\/\/www.ckfunchal.pt\/index.php\/dojo-nazare\/","title":{"rendered":"Dojo Nazar\u00e9"},"content":{"rendered":"\n<div class=\"wp-block-cover alignfull has-parallax has-huge-font-size\" style=\"padding-top:0;padding-right:0;padding-bottom:0;padding-left:0\"><span aria-hidden=\"true\" class=\"wp-block-cover__background has-background-dim\"><\/span><div role=\"img\" class=\"wp-block-cover__image-background wp-image-136 has-parallax\" style=\"background-position:50% 50%;background-image:url(http:\/\/www.ckfunchal.pt\/wp-content\/uploads\/2023\/07\/FundoWeb5_CKDF-1.png)\"><\/div><div class=\"wp-block-cover__inner-container is-layout-flow wp-block-cover-is-layout-flow\">\n<p class=\"has-text-align-center has-large-font-size\"><\/p>\n<\/div><\/div>\n\n\n\n<h2 class=\"wp-block-heading\">Local de Treino<\/h2>\n\n\n\n<p class=\"has-normal-font-size\"><strong>Igreja da Nazar\u00e9<\/strong><br><img loading=\"lazy\" decoding=\"async\" width=\"50\" height=\"38\" class=\"wp-image-183\" style=\"width: 50px;\" src=\"http:\/\/www.ckfunchal.pt\/wp-content\/uploads\/2023\/07\/1_0hKEIEseJRhAnjgujdyVkA.png\" alt=\"\" srcset=\"https:\/\/www.ckfunchal.pt\/wp-content\/uploads\/2023\/07\/1_0hKEIEseJRhAnjgujdyVkA.png 800w, https:\/\/www.ckfunchal.pt\/wp-content\/uploads\/2023\/07\/1_0hKEIEseJRhAnjgujdyVkA-300x225.png 300w, https:\/\/www.ckfunchal.pt\/wp-content\/uploads\/2023\/07\/1_0hKEIEseJRhAnjgujdyVkA-768x576.png 768w\" sizes=\"auto, (max-width: 50px) 100vw, 50px\" \/><a href=\"https:\/\/goo.gl\/maps\/E5GCVNHtRNPyD2Yn8\">Av. do Col\u00e9gio Militar 9, 9000-707 Funchal<\/a><\/p>\n\n\n\n<p><\/p>\n\n\n\n<h2 class=\"wp-block-heading\">Hor\u00e1rios<\/h2>\n\n\n\n<figure class=\"wp-block-table is-style-regular\"><table class=\"has-primary-color has-text-color\"><thead><tr><th>             <strong>Classes<\/strong><\/th><th class=\"has-text-align-center\" data-align=\"center\"><strong>Segunda<\/strong><\/th><th class=\"has-text-align-center\" data-align=\"center\">Ter\u00e7a<\/th><th class=\"has-text-align-center\" data-align=\"center\">Quarta<\/th><th class=\"has-text-align-center\" data-align=\"center\">Quinta<\/th><th class=\"has-text-align-center\" data-align=\"center\">Sexta<\/th><\/tr><\/thead><tbody><tr><td><strong>Aulas Iniciados <\/strong><br>(7 a 11 anos)<\/td><td class=\"has-text-align-center\" data-align=\"center\">18h15 \u00e0s 19h15<\/td><td class=\"has-text-align-center\" data-align=\"center\"><\/td><td class=\"has-text-align-center\" data-align=\"center\">18h15 \u00e0s 19h15<\/td><td class=\"has-text-align-center\" data-align=\"center\"><\/td><td class=\"has-text-align-center\" data-align=\"center\"><\/td><\/tr><tr><td><strong>Aulas Avan\u00e7ados T1<\/strong><br>(7 a 11 anos)<\/td><td class=\"has-text-align-center\" data-align=\"center\">19h15 \u00e0s 20h15<\/td><td class=\"has-text-align-center\" data-align=\"center\"><\/td><td class=\"has-text-align-center\" data-align=\"center\">19h15 \u00e0s 20h15<\/td><td class=\"has-text-align-center\" data-align=\"center\"><\/td><td class=\"has-text-align-center\" data-align=\"center\"><\/td><\/tr><tr><td><strong>Aulas Iniciados\/Avan\u00e7ados<\/strong> (+12 anos\/Adultos)<\/td><td class=\"has-text-align-center\" data-align=\"center\">20h15 \u00e0s 21h15<\/td><td class=\"has-text-align-center\" data-align=\"center\">20h15 \u00e0s 21h15<\/td><td class=\"has-text-align-center\" data-align=\"center\">20h15 \u00e0s 21h15<\/td><td class=\"has-text-align-center\" data-align=\"center\">20h15 \u00e0s 21h15<\/td><td class=\"has-text-align-center\" data-align=\"center\"><\/td><\/tr><tr><td><strong>Aulas Iniciados <\/strong>(Kids)<br>(3 a 6 anos)<\/td><td class=\"has-text-align-center\" data-align=\"center\"><\/td><td class=\"has-text-align-center\" data-align=\"center\">18h15 \u00e0s 19h15<\/td><td class=\"has-text-align-center\" data-align=\"center\"><\/td><td class=\"has-text-align-center\" data-align=\"center\">18h15 \u00e0s 19h15<\/td><td class=\"has-text-align-center\" data-align=\"center\"><\/td><\/tr><tr><td><strong>Aulas Avan\u00e7ados T2 <\/strong><br>(7 a 11 anos)<\/td><td class=\"has-text-align-center\" data-align=\"center\"><\/td><td class=\"has-text-align-center\" data-align=\"center\">19h15 \u00e0s 20h15<\/td><td class=\"has-text-align-center\" data-align=\"center\"><\/td><td class=\"has-text-align-center\" data-align=\"center\">19h15 \u00e0s 20h15<\/td><td class=\"has-text-align-center\" data-align=\"center\"><\/td><\/tr><tr><td><strong>Aulas Competi\u00e7\u00e3o<\/strong><br>(7 a 16 anos)<\/td><td class=\"has-text-align-center\" data-align=\"center\"><\/td><td class=\"has-text-align-center\" data-align=\"center\"><\/td><td class=\"has-text-align-center\" data-align=\"center\"><\/td><td class=\"has-text-align-center\" data-align=\"center\"><\/td><td class=\"has-text-align-center\" data-align=\"center\">18h15 \u00e0s 19h15<\/td><\/tr><tr><td><strong>Aulas Tradicional<\/strong><br>(+ 16 anos)<\/td><td class=\"has-text-align-center\" data-align=\"center\"><\/td><td class=\"has-text-align-center\" data-align=\"center\"><\/td><td class=\"has-text-align-center\" data-align=\"center\"><\/td><td class=\"has-text-align-center\" data-align=\"center\"><\/td><td class=\"has-text-align-center\" data-align=\"center\">19h15 \u00e0s 20h15<\/td><\/tr><\/tbody><\/table><\/figure>\n\n\n\n<h2 class=\"wp-block-heading\">Contactos<\/h2>\n\n\n\n<p><strong>Eduardo Martins<\/strong> <img loading=\"lazy\" decoding=\"async\" width=\"20\" height=\"20\" class=\"wp-image-158\" style=\"width: 20px;\" src=\"http:\/\/www.ckfunchal.pt\/wp-content\/uploads\/2023\/07\/icone-du-logo-whatsapp-noir.png\" alt=\"\" srcset=\"https:\/\/www.ckfunchal.pt\/wp-content\/uploads\/2023\/07\/icone-du-logo-whatsapp-noir.png 512w, https:\/\/www.ckfunchal.pt\/wp-content\/uploads\/2023\/07\/icone-du-logo-whatsapp-noir-300x300.png 300w, https:\/\/www.ckfunchal.pt\/wp-content\/uploads\/2023\/07\/icone-du-logo-whatsapp-noir-150x150.png 150w\" sizes=\"auto, (max-width: 20px) 100vw, 20px\" \/> (+351) <strong>96 51 13 253<\/strong><\/p>\n","protected":false},"excerpt":{"rendered":"<p>Local de Treino Igreja da Nazar\u00e9Av. do Col\u00e9gio Militar 9, 9000-707 Funchal Hor\u00e1rios Classes Segunda Ter\u00e7a Quarta Quinta Sexta Aulas Iniciados (7 a 11 anos) 18h15 \u00e0s 19h15 18h15 \u00e0s 19h15 Aulas Avan\u00e7ados T1(7 a 11 anos) 19h15 \u00e0s 20h15 19h15 \u00e0s 20h15 Aulas Iniciados\/Avan\u00e7ados (+12 anos\/Adultos) 20h15 \u00e0s 21h15 20h15 \u00e0s 21h15 20h15 \u00e0s<a class=\"more-link\" href=\"https:\/\/www.ckfunchal.pt\/index.php\/dojo-nazare\/\">Continue reading <span class=\"screen-reader-text\">&#8220;Dojo Nazar\u00e9&#8221;<\/span><\/a><\/p>\n","protected":false},"author":1,"featured_media":0,"parent":0,"menu_order":0,"comment_status":"closed","ping_status":"closed","template":"","meta":{"footnotes":""},"class_list":["post-16","page","type-page","status-publish","hentry","entry"],"_links":{"self":[{"href":"https:\/\/www.ckfunchal.pt\/index.php\/wp-json\/wp\/v2\/pages\/16","targetHints":{"allow":["GET"]}}],"collection":[{"href":"https:\/\/www.ckfunchal.pt\/index.php\/wp-json\/wp\/v2\/pages"}],"about":[{"href":"https:\/\/www.ckfunchal.pt\/index.php\/wp-json\/wp\/v2\/types\/page"}],"author":[{"embeddable":true,"href":"https:\/\/www.ckfunchal.pt\/index.php\/wp-json\/wp\/v2\/users\/1"}],"replies":[{"embeddable":true,"href":"https:\/\/www.ckfunchal.pt\/index.php\/wp-json\/wp\/v2\/comments?post=16"}],"version-history":[{"count":22,"href":"https:\/\/www.ckfunchal.pt\/index.php\/wp-json\/wp\/v2\/pages\/16\/revisions"}],"predecessor-version":[{"id":234,"href":"https:\/\/www.ckfunchal.pt\/index.php\/wp-json\/wp\/v2\/pages\/16\/revisions\/234"}],"wp:attachment":[{"href":"https:\/\/www.ckfunchal.pt\/index.php\/wp-json\/wp\/v2\/media?parent=16"}],"curies":[{"name":"wp","href":"https:\/\/api.w.org\/{rel}","templated":true}]}}